{"id":20,"date":"2024-05-15T11:44:05","date_gmt":"2024-05-15T11:44:05","guid":{"rendered":"https:\/\/new.projectus-grupa.hr\/?page_id=20"},"modified":"2024-05-20T09:54:26","modified_gmt":"2024-05-20T09:54:26","slug":"naslovna","status":"publish","type":"page","link":"https:\/\/new2.projectus-grupa.hr\/en\/","title":{"rendered":"Naslovna"},"content":{"rendered":"<section class=\"bde-section-20-175 bde-section\">\n  \n\t\n\n\n\n<div class=\"section-container\"><div class=\"bde-div-20-176 bde-div\">\n  \n\t\n\n\n\n\n<\/div><div class=\"bde-div-20-177 bde-div\">\n  \n\t\n\n\n\n\n<\/div><div class=\"bde-div-20-178 bde-div\">\n  \n\t\n\n\n\n<div class=\"bde-div-20-179 bde-div\">\n  \n\t\n\n\n\n<a class=\"bde-container-link-20-185 bde-container-link breakdance-link\" href=\"https:\/\/new2.projectus-grupa.hr\/en\/prijevodi\/\" target=\"_self\" data-type=\"url\">\n  \n\t\n\n\n\n<h1 class=\"bde-heading-20-180 bde-heading\">\nTranslations\n<\/h1>\n\n<\/a><a class=\"bde-container-link-20-186 bde-container-link breakdance-link\" href=\"https:\/\/new2.projectus-grupa.hr\/en\/edukacije\/\" target=\"_self\" data-type=\"url\">\n  \n\t\n\n\n\n<h1 class=\"bde-heading-20-184 bde-heading\">\nEducation\n<\/h1>\n\n<\/a>\n<\/div><div class=\"bde-div-20-182 bde-div\">\n  \n\t\n\n\n\n<div class=\"bde-image-20-183 bde-image\">\n  \n\n\n\n\n\n<figure class=\"breakdance-image breakdance-image--22\">\n\t<div class=\"breakdance-image-container\">\n\t\t<div class=\"breakdance-image-clip\">\n\t\t\t\n\t\t\t\t\n\t\t\t\t\t      \n  \n  \n  \n  \n      \n      <img loading=\"lazy\" decoding=\"async\"\n      class=\"breakdance-image-object\"\n      src=\"https:\/\/new2.projectus-grupa.hr\/wp-content\/uploads\/2024\/05\/hero-2-min.jpg\"\n      width=\"694\"\n      height=\"488\"\n      \n      \n                                    srcset=\"https:\/\/new2.projectus-grupa.hr\/wp-content\/uploads\/2024\/05\/hero-2-min.jpg 694w, https:\/\/new2.projectus-grupa.hr\/wp-content\/uploads\/2024\/05\/hero-2-min-300x211.jpg 300w\"\n                                                                      >\n  \n\n\t\t\t\t\t\n\t\t\t\t\t\t<\/div>\n\t<\/div>\n\n\t<\/figure>\n\n<\/div>\n<\/div>\n<\/div><\/div>\n<\/section><section class=\"bde-section-20-141 bde-section\">\n  \n\t\n\n\n\n<div class=\"section-container\"><div class=\"bde-div-20-163 bde-div\">\n  \n\t\n\n\n\n<div class=\"bde-image-20-145 bde-image\">\n  \n\n\n\n\n\n<figure class=\"breakdance-image breakdance-image--32\">\n\t<div class=\"breakdance-image-container\">\n\t\t<div class=\"breakdance-image-clip\">\n\t\t\t\n\t\t\t\t\n\t\t\t\t\t      \n  \n  \n  \n  \n      \n      <img loading=\"lazy\" decoding=\"async\"\n      class=\"breakdance-image-object\"\n      src=\"https:\/\/new2.projectus-grupa.hr\/wp-content\/uploads\/2024\/05\/home-about-min.jpg\"\n      width=\"582\"\n      height=\"423\"\n      \n      \n                                    srcset=\"https:\/\/new2.projectus-grupa.hr\/wp-content\/uploads\/2024\/05\/home-about-min.jpg 582w, https:\/\/new2.projectus-grupa.hr\/wp-content\/uploads\/2024\/05\/home-about-min-300x218.jpg 300w\"\n                                                                      >\n  \n\n\t\t\t\t\t\n\t\t\t\t\t\t<\/div>\n\t<\/div>\n\n\t<\/figure>\n\n<\/div><div class=\"bde-div-20-149 bde-div\">\n  \n\t\n\n\n\n<h1 class=\"bde-heading-20-146 bde-heading\">\nTko smo mi?\n<\/h1><div class=\"bde-text-20-147 bde-text\">\nLorem ipsum dolor sit amet, consectetur adipiscing elit. Sed condimentum in augue ut elementum. In ac lectus odio. Sed id nisl velit. Aliquam eu quam accumsan, aliquet nunc quis, efficitur turpis.\u00a0\n<\/div><div class=\"bde-button-20-148 bde-button\">\n    \n                                    \n    \n    \n    \n    \n            \n            <button type=\"button\" class=\"button-atom button-atom--primary bde-button__button\"  >\n    \n        <span class=\"button-atom__text\">About us<\/span>\n\n        \n        \n            <\/button>\n    \n\n\n<\/div>\n<\/div>\n<\/div><\/div>\n<\/section><section class=\"bde-section-20-150 bde-section\">\n  \n\t\n\n\n\n<div class=\"section-container\"><div class=\"bde-div-20-151 bde-div\">\n  \n\t\n\n\n\n<div class=\"bde-div-20-153 bde-div\">\n  \n\t\n\n\n\n<h1 class=\"bde-heading-20-152 bde-heading\">\nNews\n<\/h1><div class=\"bde-div-20-154 bde-div\">\n  \n\t\n\n\n\n<a class=\"bde-text-link-20-155 bde-text-link breakdance-link\" href=\"#\" target=\"_self\">\n  SVE NOVOSTI\n\n<\/a><div class=\"bde-icon-20-156 bde-icon\">\n\n    \n            <div class=\"bde-icon-icon breakdance-icon-atom\" >\n    \n                    <svg xmlns=\"http:\/\/www.w3.org\/2000\/svg\" id=\"icon-arrow-right2\" viewbox=\"0 0 32 32\">\n<path d=\"M19.414 27.414l10-10c0.781-0.781 0.781-2.047 0-2.828l-10-10c-0.781-0.781-2.047-0.781-2.828 0s-0.781 2.047 0 2.828l6.586 6.586h-19.172c-1.105 0-2 0.895-2 2s0.895 2 2 2h19.172l-6.586 6.586c-0.39 0.39-0.586 0.902-0.586 1.414s0.195 1.024 0.586 1.414c0.781 0.781 2.047 0.781 2.828 0z\"\/>\n<\/svg>\n        \n        \n        \n            <\/div>\n    \n\n\n<\/div>\n<\/div>\n<\/div><div class=\"bde-div-20-157 bde-div\">\n  \n\t\n\n\n\n<div class=\"bde-post-list-20-171 bde-post-list\">\n<div class=\"ee-posts ee-posts-grid\">    <article class=\"ee-post\">\n        \n                                <a class=\"ee-post-image-link ee-posts-image-right\" href=\"https:\/\/new2.projectus-grupa.hr\/en\/priprema-sluzbenika-i-duznosniak-rh-za-presjedanje-vijecem-europske-unije\/\">\n                <div class=\"ee-post-image\">\n                    <img loading=\"lazy\" decoding=\"async\" width=\"582\" height=\"423\" src=\"https:\/\/new2.projectus-grupa.hr\/wp-content\/uploads\/2024\/05\/home-about-min.jpg\" class=\"attachment-full size-full wp-post-image\" alt=\"\" srcset=\"https:\/\/new2.projectus-grupa.hr\/wp-content\/uploads\/2024\/05\/home-about-min.jpg 582w, https:\/\/new2.projectus-grupa.hr\/wp-content\/uploads\/2024\/05\/home-about-min-300x218.jpg 300w\" sizes=\"auto, (max-width: 582px) 100vw, 582px\" \/>                <\/div>\n            <\/a>\n        \n        \n        <div class=\"ee-post-wrap\">\n            \n                            <h3 class=\"ee-post-title\">\n                    <a class=\"ee-post-title-link\" href=\"https:\/\/new2.projectus-grupa.hr\/en\/priprema-sluzbenika-i-duznosniak-rh-za-presjedanje-vijecem-europske-unije\/\" >\n                        Priprema slu\u017ebenika i du\u017enosnika RH za presjedanje Vije\u0107em Europske unije                    <\/a>\n                <\/h3>\n                            <div class=\"ee-post-meta\">\n                                                                                <span class=\"ee-post-meta-date ee-post-meta-item\">\n                                    17. May 2024.                                <\/span>\n                                                \n                <\/div>\n            <ul class=\"ee-post-taxonomy\"><li class=\"ee-post-taxonomy-item\">Uncategorized<\/li><\/ul>                <div class=\"ee-post-content\">\n                    Lorem ipsum dolor sit amet, consectetur adipiscing elit. Suspendisse euismod fringilla leo. Quisque posuere mauris at magna tincidunt, non pulvinar nisi facilisis. Mauris accumsan mattis lacinia. Sed tempus felis sed [...]                <\/div>\n            \n    \n                                    \n    \n    \n    \n    \n            \n                    \n            \n            \n\n    \n    \n    \n    \n    <a class=\"breakdance-link button-atom button-atom--text ee-post-button\" href=\"https:\/\/new2.projectus-grupa.hr\/en\/priprema-sluzbenika-i-duznosniak-rh-za-presjedanje-vijecem-europske-unije\/\" target=\"_self\" data-type=\"\"  >\n\n    \n        <span class=\"button-atom__text\">SAZNAJTE VI\u0160E<\/span>\n\n        \n                    \n    <span class=\"button-atom__icon-wrapper\">\n\n        \n            <svg class=\"un-arrow-icon\" xmlns=\"http:\/\/www.w3.org\/2000\/svg\" width=\"32\" height=\"32\" viewbox=\"0 0 32 32\">\n                <g fill=\"none\" stroke-width=\"1.9\" stroke-linejoin=\"round\" stroke-miterlimit=\"10\">\n                    <circle class=\"un-arrow-icon_circle\" cx=\"16\" cy=\"16\" r=\"15.12\"><\/circle>\n                    <path class=\"un-arrow-icon_arrow\" d=\"M16.14 9.93L22.21 16l-6.07 6.07M8.23 16h13.98\"><\/path>\n                <\/g>\n            <\/svg>\n\n        \n    <\/span>\n\n\n        \n                <\/a>\n\n    \n\n\n\n\n            \n        <\/div>\n\n            <\/article>\n\n<\/div>\n<\/div><div class=\"bde-post-list-20-172 bde-post-list\">\n<div class=\"ee-posts ee-posts-grid\">    <article class=\"ee-post\">\n        \n                                <a class=\"ee-post-image-link\" href=\"https:\/\/new2.projectus-grupa.hr\/en\/priprema-sluzbenika-i-duznosniak-rh-za-presjedanje-vijecem-europske-unije\/\">\n                <div class=\"ee-post-image\">\n                    <img loading=\"lazy\" decoding=\"async\" width=\"582\" height=\"423\" src=\"https:\/\/new2.projectus-grupa.hr\/wp-content\/uploads\/2024\/05\/home-about-min.jpg\" class=\"attachment-full size-full wp-post-image\" alt=\"\" srcset=\"https:\/\/new2.projectus-grupa.hr\/wp-content\/uploads\/2024\/05\/home-about-min.jpg 582w, https:\/\/new2.projectus-grupa.hr\/wp-content\/uploads\/2024\/05\/home-about-min-300x218.jpg 300w\" sizes=\"auto, (max-width: 582px) 100vw, 582px\" \/>                <\/div>\n            <\/a>\n        \n        \n        <div class=\"ee-post-wrap\">\n            \n                            <h3 class=\"ee-post-title\">\n                    <a class=\"ee-post-title-link\" href=\"https:\/\/new2.projectus-grupa.hr\/en\/priprema-sluzbenika-i-duznosniak-rh-za-presjedanje-vijecem-europske-unije\/\" >\n                        Priprema slu\u017ebenika i du\u017enosnika RH za presjedanje Vije\u0107em Europske unije                    <\/a>\n                <\/h3>\n                            <div class=\"ee-post-meta\">\n                                                                                <span class=\"ee-post-meta-date ee-post-meta-item\">\n                                    17. May 2024.                                <\/span>\n                                                \n                <\/div>\n                            <div class=\"ee-post-content\">\n                    Lorem ipsum dolor sit amet, consectetur adipiscing elit. Suspendisse euismod fringilla leo. Quisque posuere mauris at magna tincidunt, non pulvinar [...]                <\/div>\n            \n    \n                                    \n    \n    \n    \n    \n            \n                    \n            \n            \n\n    \n    \n    \n    \n    <a class=\"breakdance-link button-atom button-atom--text ee-post-button\" href=\"https:\/\/new2.projectus-grupa.hr\/en\/priprema-sluzbenika-i-duznosniak-rh-za-presjedanje-vijecem-europske-unije\/\" target=\"_self\" data-type=\"\"  >\n\n    \n        <span class=\"button-atom__text\">SAZNAJTE VI\u0160E<\/span>\n\n        \n                    \n    <span class=\"button-atom__icon-wrapper\">\n\n        \n            <svg class=\"un-arrow-icon\" xmlns=\"http:\/\/www.w3.org\/2000\/svg\" width=\"32\" height=\"32\" viewbox=\"0 0 32 32\">\n                <g fill=\"none\" stroke-width=\"1.9\" stroke-linejoin=\"round\" stroke-miterlimit=\"10\">\n                    <circle class=\"un-arrow-icon_circle\" cx=\"16\" cy=\"16\" r=\"15.12\"><\/circle>\n                    <path class=\"un-arrow-icon_arrow\" d=\"M16.14 9.93L22.21 16l-6.07 6.07M8.23 16h13.98\"><\/path>\n                <\/g>\n            <\/svg>\n\n        \n    <\/span>\n\n\n        \n                <\/a>\n\n    \n\n\n\n\n            \n        <\/div>\n\n            <\/article>\n\n    <article class=\"ee-post\">\n        \n                                <a class=\"ee-post-image-link\" href=\"https:\/\/new2.projectus-grupa.hr\/en\/novi-ciklus-edukacije-prvi-put-menadzer\/\">\n                <div class=\"ee-post-image\">\n                    <img loading=\"lazy\" decoding=\"async\" width=\"582\" height=\"423\" src=\"https:\/\/new2.projectus-grupa.hr\/wp-content\/uploads\/2024\/05\/home-about-min.jpg\" class=\"attachment-full size-full wp-post-image\" alt=\"\" srcset=\"https:\/\/new2.projectus-grupa.hr\/wp-content\/uploads\/2024\/05\/home-about-min.jpg 582w, https:\/\/new2.projectus-grupa.hr\/wp-content\/uploads\/2024\/05\/home-about-min-300x218.jpg 300w\" sizes=\"auto, (max-width: 582px) 100vw, 582px\" \/>                <\/div>\n            <\/a>\n        \n        \n        <div class=\"ee-post-wrap\">\n            \n                            <h3 class=\"ee-post-title\">\n                    <a class=\"ee-post-title-link\" href=\"https:\/\/new2.projectus-grupa.hr\/en\/novi-ciklus-edukacije-prvi-put-menadzer\/\" >\n                        NOVI CIKLUS Edukacije Prvi put menad\u017eer                    <\/a>\n                <\/h3>\n                            <div class=\"ee-post-meta\">\n                                                                                <span class=\"ee-post-meta-date ee-post-meta-item\">\n                                    17. May 2024.                                <\/span>\n                                                \n                <\/div>\n                            <div class=\"ee-post-content\">\n                    Lorem ipsum dolor sit amet, consectetur adipiscing elit. Suspendisse euismod fringilla leo. Quisque posuere mauris at magna tincidunt, non pulvinar [...]                <\/div>\n            \n    \n                                    \n    \n    \n    \n    \n            \n                    \n            \n            \n\n    \n    \n    \n    \n    <a class=\"breakdance-link button-atom button-atom--text ee-post-button\" href=\"https:\/\/new2.projectus-grupa.hr\/en\/novi-ciklus-edukacije-prvi-put-menadzer\/\" target=\"_self\" data-type=\"\"  >\n\n    \n        <span class=\"button-atom__text\">SAZNAJTE VI\u0160E<\/span>\n\n        \n                    \n    <span class=\"button-atom__icon-wrapper\">\n\n        \n            <svg class=\"un-arrow-icon\" xmlns=\"http:\/\/www.w3.org\/2000\/svg\" width=\"32\" height=\"32\" viewbox=\"0 0 32 32\">\n                <g fill=\"none\" stroke-width=\"1.9\" stroke-linejoin=\"round\" stroke-miterlimit=\"10\">\n                    <circle class=\"un-arrow-icon_circle\" cx=\"16\" cy=\"16\" r=\"15.12\"><\/circle>\n                    <path class=\"un-arrow-icon_arrow\" d=\"M16.14 9.93L22.21 16l-6.07 6.07M8.23 16h13.98\"><\/path>\n                <\/g>\n            <\/svg>\n\n        \n    <\/span>\n\n\n        \n                <\/a>\n\n    \n\n\n\n\n            \n        <\/div>\n\n            <\/article>\n\n    <article class=\"ee-post\">\n        \n                                <a class=\"ee-post-image-link\" href=\"https:\/\/new2.projectus-grupa.hr\/en\/skica-1\/\">\n                <div class=\"ee-post-image\">\n                    <img loading=\"lazy\" decoding=\"async\" width=\"694\" height=\"488\" src=\"https:\/\/new2.projectus-grupa.hr\/wp-content\/uploads\/2024\/05\/hero-2-min.jpg\" class=\"attachment-full size-full wp-post-image\" alt=\"\" srcset=\"https:\/\/new2.projectus-grupa.hr\/wp-content\/uploads\/2024\/05\/hero-2-min.jpg 694w, https:\/\/new2.projectus-grupa.hr\/wp-content\/uploads\/2024\/05\/hero-2-min-300x211.jpg 300w\" sizes=\"auto, (max-width: 694px) 100vw, 694px\" \/>                <\/div>\n            <\/a>\n        \n        \n        <div class=\"ee-post-wrap\">\n            \n                            <h3 class=\"ee-post-title\">\n                    <a class=\"ee-post-title-link\" href=\"https:\/\/new2.projectus-grupa.hr\/en\/skica-1\/\" >\n                        Uspje\u0161no zavr\u0161en projekt Pripreme slu\u017ebenika i du\u017enosnika RH za presjedanjem Vije\u0107em Europske unije                    <\/a>\n                <\/h3>\n                            <div class=\"ee-post-meta\">\n                                                                                <span class=\"ee-post-meta-date ee-post-meta-item\">\n                                    15. May 2024.                                <\/span>\n                                                \n                <\/div>\n                            <div class=\"ee-post-content\">\n                    Lorem ipsum dolor sit amet, consectetur adipiscing elit. Suspendisse euismod fringilla leo. Quisque posuere mauris at magna tincidunt, non pulvinar [...]                <\/div>\n            \n    \n                                    \n    \n    \n    \n    \n            \n                    \n            \n            \n\n    \n    \n    \n    \n    <a class=\"breakdance-link button-atom button-atom--text ee-post-button\" href=\"https:\/\/new2.projectus-grupa.hr\/en\/skica-1\/\" target=\"_self\" data-type=\"\"  >\n\n    \n        <span class=\"button-atom__text\">SAZNAJTE VI\u0160E<\/span>\n\n        \n                    \n    <span class=\"button-atom__icon-wrapper\">\n\n        \n            <svg class=\"un-arrow-icon\" xmlns=\"http:\/\/www.w3.org\/2000\/svg\" width=\"32\" height=\"32\" viewbox=\"0 0 32 32\">\n                <g fill=\"none\" stroke-width=\"1.9\" stroke-linejoin=\"round\" stroke-miterlimit=\"10\">\n                    <circle class=\"un-arrow-icon_circle\" cx=\"16\" cy=\"16\" r=\"15.12\"><\/circle>\n                    <path class=\"un-arrow-icon_arrow\" d=\"M16.14 9.93L22.21 16l-6.07 6.07M8.23 16h13.98\"><\/path>\n                <\/g>\n            <\/svg>\n\n        \n    <\/span>\n\n\n        \n                <\/a>\n\n    \n\n\n\n\n            \n        <\/div>\n\n            <\/article>\n\n    <article class=\"ee-post\">\n        \n                                <a class=\"ee-post-image-link\" href=\"https:\/\/new2.projectus-grupa.hr\/en\/hello-world\/\">\n                <div class=\"ee-post-image\">\n                    <img loading=\"lazy\" decoding=\"async\" width=\"582\" height=\"423\" src=\"https:\/\/new2.projectus-grupa.hr\/wp-content\/uploads\/2024\/05\/home-about-min.jpg\" class=\"attachment-full size-full wp-post-image\" alt=\"\" srcset=\"https:\/\/new2.projectus-grupa.hr\/wp-content\/uploads\/2024\/05\/home-about-min.jpg 582w, https:\/\/new2.projectus-grupa.hr\/wp-content\/uploads\/2024\/05\/home-about-min-300x218.jpg 300w\" sizes=\"auto, (max-width: 582px) 100vw, 582px\" \/>                <\/div>\n            <\/a>\n        \n        \n        <div class=\"ee-post-wrap\">\n            \n                            <h3 class=\"ee-post-title\">\n                    <a class=\"ee-post-title-link\" href=\"https:\/\/new2.projectus-grupa.hr\/en\/hello-world\/\" >\n                        Va\u017ena obavijest za klijente                    <\/a>\n                <\/h3>\n                            <div class=\"ee-post-meta\">\n                                                                                <span class=\"ee-post-meta-date ee-post-meta-item\">\n                                    14. May 2024.                                <\/span>\n                                                \n                <\/div>\n                            <div class=\"ee-post-content\">\n                    Lorem ipsum dolor sit amet, consectetur adipiscing elit. Suspendisse euismod fringilla leo. Quisque posuere mauris at magna tincidunt, non pulvinar [...]                <\/div>\n            \n    \n                                    \n    \n    \n    \n    \n            \n                    \n            \n            \n\n    \n    \n    \n    \n    <a class=\"breakdance-link button-atom button-atom--text ee-post-button\" href=\"https:\/\/new2.projectus-grupa.hr\/en\/hello-world\/\" target=\"_self\" data-type=\"\"  >\n\n    \n        <span class=\"button-atom__text\">SAZNAJTE VI\u0160E<\/span>\n\n        \n                    \n    <span class=\"button-atom__icon-wrapper\">\n\n        \n            <svg class=\"un-arrow-icon\" xmlns=\"http:\/\/www.w3.org\/2000\/svg\" width=\"32\" height=\"32\" viewbox=\"0 0 32 32\">\n                <g fill=\"none\" stroke-width=\"1.9\" stroke-linejoin=\"round\" stroke-miterlimit=\"10\">\n                    <circle class=\"un-arrow-icon_circle\" cx=\"16\" cy=\"16\" r=\"15.12\"><\/circle>\n                    <path class=\"un-arrow-icon_arrow\" d=\"M16.14 9.93L22.21 16l-6.07 6.07M8.23 16h13.98\"><\/path>\n                <\/g>\n            <\/svg>\n\n        \n    <\/span>\n\n\n        \n                <\/a>\n\n    \n\n\n\n\n            \n        <\/div>\n\n            <\/article>\n\n<\/div>\n<\/div>\n<\/div>\n<\/div><\/div>\n<\/section>","protected":false},"excerpt":{"rendered":"","protected":false},"author":1,"featured_media":0,"parent":0,"menu_order":0,"comment_status":"closed","ping_status":"closed","template":"","meta":{"_acf_changed":false,"_breakdance_hide_in_design_set":false,"_breakdance_tags":"","footnotes":""},"class_list":["post-20","page","type-page","status-publish","hentry"],"acf":[],"_links":{"self":[{"href":"https:\/\/new2.projectus-grupa.hr\/en\/wp-json\/wp\/v2\/pages\/20","targetHints":{"allow":["GET"]}}],"collection":[{"href":"https:\/\/new2.projectus-grupa.hr\/en\/wp-json\/wp\/v2\/pages"}],"about":[{"href":"https:\/\/new2.projectus-grupa.hr\/en\/wp-json\/wp\/v2\/types\/page"}],"author":[{"embeddable":true,"href":"https:\/\/new2.projectus-grupa.hr\/en\/wp-json\/wp\/v2\/users\/1"}],"replies":[{"embeddable":true,"href":"https:\/\/new2.projectus-grupa.hr\/en\/wp-json\/wp\/v2\/comments?post=20"}],"version-history":[{"count":70,"href":"https:\/\/new2.projectus-grupa.hr\/en\/wp-json\/wp\/v2\/pages\/20\/revisions"}],"predecessor-version":[{"id":191,"href":"https:\/\/new2.projectus-grupa.hr\/en\/wp-json\/wp\/v2\/pages\/20\/revisions\/191"}],"wp:attachment":[{"href":"https:\/\/new2.projectus-grupa.hr\/en\/wp-json\/wp\/v2\/media?parent=20"}],"curies":[{"name":"wp","href":"https:\/\/api.w.org\/{rel}","templated":true}]}}